{"id":40,"date":"2022-01-05T13:44:19","date_gmt":"2022-01-05T12:44:19","guid":{"rendered":"https:\/\/www.rubes.cz\/kluk\/?page_id=40"},"modified":"2022-01-05T13:44:19","modified_gmt":"2022-01-05T12:44:19","slug":"cookie","status":"publish","type":"page","link":"https:\/\/www.rubes.cz\/kluk\/cookie\/","title":{"rendered":"Cookie"},"content":{"rendered":"<p>Cookie je kr\u00e1tk\u00fd textov\u00fd soubor, kter\u00fd si nav\u0161t\u00edven\u00fd web ukl\u00e1d\u00e1 ve va\u0161em prohl\u00ed\u017ee\u010di. Umo\u017e\u0148uje webu zaznamenat informace o va\u0161\u00ed n\u00e1v\u0161t\u011bv\u011b.<br \/>\nP\u0159i ka\u017ed\u00e9 n\u00e1v\u0161t\u011bv\u011b t\u011bchto str\u00e1nek software ukl\u00e1d\u00e1 anonymn\u00ed soubory cookies. Ty pom\u00e1haj\u00ed zji\u0161\u0165ovat, kolik u\u017eivatel\u016f nav\u0161t\u011bvuje tento web opakovan\u011b. L\u00e9pe tak ch\u00e1peme, jak se \u010dten\u00e1\u0159i na na\u0161ich str\u00e1nk\u00e1ch chovaj\u00ed, \u010demu d\u00e1vaj\u00ed p\u0159ednost a co je zaj\u00edm\u00e1. Tato informace je zcela anonymn\u00ed a nen\u00ed nijak spojen\u00e1 s osobn\u00edmi informacemi.<\/p>\n<p><strong>Co jsou cookies<\/strong><br \/>\nCookies jsou mal\u00e9 textov\u00e9 soubory, kter\u00e9 webov\u00e9 str\u00e1nky (stejn\u011b jako \u0159ada jin\u00fdch web\u016f) ukl\u00e1d\u00e1 pomoc\u00ed webov\u00e9ho prohl\u00ed\u017ee\u010de do jednotliv\u00fdch po\u010d\u00edta\u010d\u016f.\u00a0Cookies nezab\u00edraj\u00ed na disku po\u010d\u00edta\u010de t\u00e9m\u011b\u0159 \u017e\u00e1dn\u00e9 m\u00edsto, jejich velikost \u010din\u00ed zpravidla n\u011bkolik kilobajt\u016f. A neslou\u017e\u00ed ani k z\u00edsk\u00e1v\u00e1n\u00ed jak\u00fdchkoli citliv\u00fdch osobn\u00edch \u00fadaj\u016f.\u00a0Cookies si lze p\u0159edstavit jako pam\u011b\u0165 webov\u00e9 str\u00e1nky, kter\u00e1 podle nich p\u0159i dal\u0161\u00ed n\u00e1v\u0161t\u011bv\u011b u\u017eivatele pozn\u00e1 pr\u00e1v\u011b podle cookies.<\/p>\n<p><strong>Cookies pro statistiky n\u00e1v\u0161t\u011bvnosti nebo reklamn\u00ed c\u00edlen\u00ed<\/strong><br \/>\nN\u011bkter\u00e9 cookies vytv\u00e1\u0159ej\u00ed analytick\u00e9 statistick\u00e9 syst\u00e9my nebo syst\u00e9my inzertn\u00ed. Jejich pomoc\u00ed zji\u0161\u0165uj\u00ed, kolik lid\u00ed jak\u00fd obsah vid\u011blo.\u00a0Reklamn\u00ed a analytick\u00e9 syst\u00e9my maj\u00ed vlastn\u00ed z\u00e1sady ochrany osobn\u00edch \u00fadaj\u016f a tento web jejich cookies nedok\u00e1\u017ee \u010d\u00edst ani zapisovat. Cookies slou\u017e\u00ed tak\u00e9 k lep\u0161\u00edmu c\u00edlen\u00ed reklamy podle chov\u00e1n\u00ed u\u017eivatel\u016f (remarketing). Jde o anonymn\u00ed data, kter\u00e1 nemaj\u00ed vazbu na jin\u00e9 typy cookies. Tyto \u00fadaje m\u016f\u017ee vyu\u017e\u00edvat nap\u0159\u00edklad spole\u010dnost Google.<\/p>\n<p><strong>Zablokov\u00e1n\u00ed cookies<\/strong><br \/>\nPokud nechcete cookies pou\u017e\u00edvat, nebo pokud chcete, aby internetov\u00fd prohl\u00ed\u017ee\u010d pou\u017eit\u00ed cookies ozn\u00e1mil, mus\u00edte ve sv\u00e9m internetov\u00e9m prohl\u00ed\u017ee\u010di vybrat p\u0159\u00edslu\u0161nou volbu.<br \/>\nZablokuje-li v\u0161echna cookies, nebudete moci vyu\u017e\u00edt n\u011bkter\u00e9 funkce t\u011bchto str\u00e1nek.<\/p>\n","protected":false},"excerpt":{"rendered":"<p>Cookie je kr\u00e1tk\u00fd textov\u00fd soubor, kter\u00fd si nav\u0161t\u00edven\u00fd web ukl\u00e1d\u00e1 ve va\u0161em prohl\u00ed\u017ee\u010di. Umo\u017e\u0148uje webu zaznamenat informace o va\u0161\u00ed n\u00e1v\u0161t\u011bv\u011b. P\u0159i ka\u017ed\u00e9 n\u00e1v\u0161t\u011bv\u011b t\u011bchto str\u00e1nek software ukl\u00e1d\u00e1 anonymn\u00ed soubory cookies. Ty pom\u00e1haj\u00ed zji\u0161\u0165ovat, kolik u\u017eivatel\u016f nav\u0161t\u011bvuje tento web opakovan\u011b. L\u00e9pe tak ch\u00e1peme, jak se \u010dten\u00e1\u0159i na na\u0161ich str\u00e1nk\u00e1ch chovaj\u00ed, \u010demu d\u00e1vaj\u00ed p\u0159ednost a co je zaj\u00edm\u00e1. Tato informace je zcela&#8230; <a href=\"https:\/\/www.rubes.cz\/kluk\/cookie\/\">Read more &raquo;<\/a><\/p>\n","protected":false},"author":1,"featured_media":0,"parent":0,"menu_order":0,"comment_status":"closed","ping_status":"closed","template":"","meta":{"footnotes":""},"class_list":["post-40","page","type-page","status-publish","hentry"],"_links":{"self":[{"href":"https:\/\/www.rubes.cz\/kluk\/wp-json\/wp\/v2\/pages\/40","targetHints":{"allow":["GET"]}}],"collection":[{"href":"https:\/\/www.rubes.cz\/kluk\/wp-json\/wp\/v2\/pages"}],"about":[{"href":"https:\/\/www.rubes.cz\/kluk\/wp-json\/wp\/v2\/types\/page"}],"author":[{"embeddable":true,"href":"https:\/\/www.rubes.cz\/kluk\/wp-json\/wp\/v2\/users\/1"}],"replies":[{"embeddable":true,"href":"https:\/\/www.rubes.cz\/kluk\/wp-json\/wp\/v2\/comments?post=40"}],"version-history":[{"count":1,"href":"https:\/\/www.rubes.cz\/kluk\/wp-json\/wp\/v2\/pages\/40\/revisions"}],"predecessor-version":[{"id":41,"href":"https:\/\/www.rubes.cz\/kluk\/wp-json\/wp\/v2\/pages\/40\/revisions\/41"}],"wp:attachment":[{"href":"https:\/\/www.rubes.cz\/kluk\/wp-json\/wp\/v2\/media?parent=40"}],"curies":[{"name":"wp","href":"https:\/\/api.w.org\/{rel}","templated":true}]}}