{"id":35,"date":"2021-12-05T09:09:25","date_gmt":"2021-12-05T08:09:25","guid":{"rendered":"https:\/\/www.rubes.cz\/kluk\/?page_id=35"},"modified":"2024-05-14T19:57:43","modified_gmt":"2024-05-14T17:57:43","slug":"informace-pouze-pro-cleny","status":"publish","type":"page","link":"https:\/\/www.rubes.cz\/kluk\/informace-pouze-pro-cleny\/","title":{"rendered":"Informace pouze pro spole\u010dn\u00edky spole\u010dnosti"},"content":{"rendered":"","protected":true},"excerpt":{"rendered":"","protected":true},"author":1,"featured_media":0,"parent":0,"menu_order":0,"comment_status":"closed","ping_status":"closed","template":"","meta":{"footnotes":""},"class_list":["post-35","page","type-page","status-publish","post-password-required","hentry"],"_links":{"self":[{"href":"https:\/\/www.rubes.cz\/kluk\/wp-json\/wp\/v2\/pages\/35","targetHints":{"allow":["GET"]}}],"collection":[{"href":"https:\/\/www.rubes.cz\/kluk\/wp-json\/wp\/v2\/pages"}],"about":[{"href":"https:\/\/www.rubes.cz\/kluk\/wp-json\/wp\/v2\/types\/page"}],"author":[{"embeddable":true,"href":"https:\/\/www.rubes.cz\/kluk\/wp-json\/wp\/v2\/users\/1"}],"replies":[{"embeddable":true,"href":"https:\/\/www.rubes.cz\/kluk\/wp-json\/wp\/v2\/comments?post=35"}],"version-history":[{"count":4,"href":"https:\/\/www.rubes.cz\/kluk\/wp-json\/wp\/v2\/pages\/35\/revisions"}],"predecessor-version":[{"id":54,"href":"https:\/\/www.rubes.cz\/kluk\/wp-json\/wp\/v2\/pages\/35\/revisions\/54"}],"wp:attachment":[{"href":"https:\/\/www.rubes.cz\/kluk\/wp-json\/wp\/v2\/media?parent=35"}],"curies":[{"name":"wp","href":"https:\/\/api.w.org\/{rel}","templated":true}]}}