{"id":2,"date":"2021-12-01T22:32:24","date_gmt":"2021-12-01T21:32:24","guid":{"rendered":"https:\/\/www.rubes.cz\/kluk\/?page_id=2"},"modified":"2021-12-01T22:48:11","modified_gmt":"2021-12-01T21:48:11","slug":"farma-dusniky","status":"publish","type":"page","link":"https:\/\/www.rubes.cz\/kluk\/","title":{"rendered":"Farma Du\u0161n\u00edky"},"content":{"rendered":"KLUK Du\u0161n\u00edky hospoda\u0159\u00ed na pozemc\u00edch v katastr\u00e1ln\u00edm \u00fazem\u00ed Du\u0161n\u00edky, N\u00ed\u017eebohy, P\u00edsty, Budyn\u011b nad Oh\u0159\u00ed, Nov\u00e9 Dvory, Podlusky a P\u0159estavlky.\r\n<div class=\"entry-content\">\r\n\r\n<strong>Rostlinn\u00e1 v\u00fdroba<\/strong>\r\np\u011bstov\u00e1n\u00ed obilovin k potravin\u00e1\u0159sk\u00fdm a krmn\u00fdm \u00fa\u010del\u016fm\r\nmno\u017een\u00ed obilovin, lu\u0161t\u011bnin a olejnin\r\np\u011bstov\u00e1n\u00ed olejnin k pr\u016fmyslov\u00e9mu a potravin\u00e1\u0159sk\u00e9mu \u00fa\u010delu (len, \u0159epka, slune\u010dnice, ho\u0159\u010dice, m\u00e1k)\r\np\u011bstov\u00e1n\u00ed cukrovky a p\u00edcnin v\u010detn\u011b kuku\u0159ice na sil\u00e1\u017e i zrno\r\n\r\n<img loading=\"lazy\" decoding=\"async\" class=\"alignleft wp-image-6 size-full\" src=\"https:\/\/www.rubes.cz\/kluk\/wp-content\/uploads\/2021\/12\/mak-dusniky.png\" alt=\"\" width=\"700\" height=\"203\" srcset=\"https:\/\/www.rubes.cz\/kluk\/wp-content\/uploads\/2021\/12\/mak-dusniky.png 700w, https:\/\/www.rubes.cz\/kluk\/wp-content\/uploads\/2021\/12\/mak-dusniky-300x87.png 300w, https:\/\/www.rubes.cz\/kluk\/wp-content\/uploads\/2021\/12\/mak-dusniky-624x181.png 624w\" sizes=\"auto, (max-width: 700px) 100vw, 700px\" \/>\r\n\r\n<strong>Slu\u017eby\r\n<\/strong>d\u00edlensk\u00e9 opravy, renovace, brou\u0161en\u00ed, sva\u0159ov\u00e1n\u00ed, kov\u00e1\u0159sk\u00e9 pr\u00e1ce, soustru\u017een\u00ed, fr\u00e9zov\u00e1n\u00ed, opravy a v\u00fdroba zem\u011bd\u011blsk\u00e9 techniky dle dokumentace\r\ndovoz a p\u0159eprava n\u00e1klad\u016f\r\nzem\u011bd\u011blsk\u00e9 slu\u017eby \u2013 vyu\u017eit\u00ed voln\u00fdch kapacit zem\u011bd\u011blsk\u00e9 techniky\r\nnab\u00eddka skladov\u00e1n\u00ed v nevyt\u00e1p\u011bn\u00fdch hal\u00e1ch a na voln\u00e9m prostranstv\u00ed zpevn\u011bn\u00fdch ploch\r\n\r\nCeny slu\u017eeb a ve\u0161ker\u00e9 produkce v\u00fdroby vych\u00e1z\u00ed z obvykl\u00fdch cen v dan\u00e9m obdob\u00ed, na dohod\u011b a smluvn\u00edm ujedn\u00e1n\u00ed.\r\n\r\n<\/div>\r\n<!-- \/wp:post-content -->","protected":false},"excerpt":{"rendered":"<p>KLUK Du\u0161n\u00edky hospoda\u0159\u00ed na pozemc\u00edch v katastr\u00e1ln\u00edm \u00fazem\u00ed Du\u0161n\u00edky, N\u00ed\u017eebohy, P\u00edsty, Budyn\u011b nad Oh\u0159\u00ed, Nov\u00e9 Dvory, Podlusky a P\u0159estavlky. Rostlinn\u00e1 v\u00fdroba p\u011bstov\u00e1n\u00ed obilovin k potravin\u00e1\u0159sk\u00fdm a krmn\u00fdm \u00fa\u010del\u016fm mno\u017een\u00ed obilovin, lu\u0161t\u011bnin a olejnin p\u011bstov\u00e1n\u00ed olejnin k pr\u016fmyslov\u00e9mu a potravin\u00e1\u0159sk\u00e9mu \u00fa\u010delu (len, \u0159epka, slune\u010dnice, ho\u0159\u010dice, m\u00e1k) p\u011bstov\u00e1n\u00ed cukrovky a p\u00edcnin v\u010detn\u011b kuku\u0159ice na sil\u00e1\u017e i zrno Slu\u017eby d\u00edlensk\u00e9 opravy, renovace, brou\u0161en\u00ed,&#8230; <a href=\"https:\/\/www.rubes.cz\/kluk\/\">Read more &raquo;<\/a><\/p>\n","protected":false},"author":1,"featured_media":0,"parent":0,"menu_order":0,"comment_status":"closed","ping_status":"open","template":"","meta":{"footnotes":""},"class_list":["post-2","page","type-page","status-publish","hentry"],"_links":{"self":[{"href":"https:\/\/www.rubes.cz\/kluk\/wp-json\/wp\/v2\/pages\/2","targetHints":{"allow":["GET"]}}],"collection":[{"href":"https:\/\/www.rubes.cz\/kluk\/wp-json\/wp\/v2\/pages"}],"about":[{"href":"https:\/\/www.rubes.cz\/kluk\/wp-json\/wp\/v2\/types\/page"}],"author":[{"embeddable":true,"href":"https:\/\/www.rubes.cz\/kluk\/wp-json\/wp\/v2\/users\/1"}],"replies":[{"embeddable":true,"href":"https:\/\/www.rubes.cz\/kluk\/wp-json\/wp\/v2\/comments?post=2"}],"version-history":[{"count":3,"href":"https:\/\/www.rubes.cz\/kluk\/wp-json\/wp\/v2\/pages\/2\/revisions"}],"predecessor-version":[{"id":15,"href":"https:\/\/www.rubes.cz\/kluk\/wp-json\/wp\/v2\/pages\/2\/revisions\/15"}],"wp:attachment":[{"href":"https:\/\/www.rubes.cz\/kluk\/wp-json\/wp\/v2\/media?parent=2"}],"curies":[{"name":"wp","href":"https:\/\/api.w.org\/{rel}","templated":true}]}}