{"id":16,"date":"2021-12-01T22:48:34","date_gmt":"2021-12-01T21:48:34","guid":{"rendered":"https:\/\/www.rubes.cz\/kluk\/?page_id=16"},"modified":"2021-12-01T22:48:34","modified_gmt":"2021-12-01T21:48:34","slug":"ovocnarstvi-roudnice-nad-labem","status":"publish","type":"page","link":"https:\/\/www.rubes.cz\/kluk\/ovocnarstvi-roudnice-nad-labem\/","title":{"rendered":"Ovocn\u00e1\u0159stv\u00ed Roudnice nad Labem"},"content":{"rendered":"<header class=\"entry-header\"><\/header>\n<div class=\"entry-content\">\n<p>Ovocn\u00e1\u0159sk\u00e9 st\u0159edisko je zru\u0161eno.<br \/>\nSez\u00f3nn\u00ed pracovn\u00edky spole\u010dnost nep\u0159ij\u00edm\u00e1.<\/p>\n<\/div>\n","protected":false},"excerpt":{"rendered":"<p>Ovocn\u00e1\u0159sk\u00e9 st\u0159edisko je zru\u0161eno. Sez\u00f3nn\u00ed pracovn\u00edky spole\u010dnost nep\u0159ij\u00edm\u00e1.<\/p>\n","protected":false},"author":1,"featured_media":0,"parent":0,"menu_order":0,"comment_status":"closed","ping_status":"closed","template":"","meta":{"footnotes":""},"class_list":["post-16","page","type-page","status-publish","hentry"],"_links":{"self":[{"href":"https:\/\/www.rubes.cz\/kluk\/wp-json\/wp\/v2\/pages\/16","targetHints":{"allow":["GET"]}}],"collection":[{"href":"https:\/\/www.rubes.cz\/kluk\/wp-json\/wp\/v2\/pages"}],"about":[{"href":"https:\/\/www.rubes.cz\/kluk\/wp-json\/wp\/v2\/types\/page"}],"author":[{"embeddable":true,"href":"https:\/\/www.rubes.cz\/kluk\/wp-json\/wp\/v2\/users\/1"}],"replies":[{"embeddable":true,"href":"https:\/\/www.rubes.cz\/kluk\/wp-json\/wp\/v2\/comments?post=16"}],"version-history":[{"count":1,"href":"https:\/\/www.rubes.cz\/kluk\/wp-json\/wp\/v2\/pages\/16\/revisions"}],"predecessor-version":[{"id":17,"href":"https:\/\/www.rubes.cz\/kluk\/wp-json\/wp\/v2\/pages\/16\/revisions\/17"}],"wp:attachment":[{"href":"https:\/\/www.rubes.cz\/kluk\/wp-json\/wp\/v2\/media?parent=16"}],"curies":[{"name":"wp","href":"https:\/\/api.w.org\/{rel}","templated":true}]}}